{"id":33596,"date":"2025-01-14T18:46:20","date_gmt":"2025-01-14T15:46:20","guid":{"rendered":"https:\/\/ktppdergisi.com\/en-cok-indirilen-makaleler\/"},"modified":"2025-02-03T20:17:28","modified_gmt":"2025-02-03T17:17:28","slug":"most-downloaded-articles","status":"publish","type":"page","link":"https:\/\/ktppdergisi.com\/en\/most-downloaded-articles\/","title":{"rendered":"Most Downloaded Articles"},"content":{"rendered":"<div id=\"content\" class=\"site-content\" role=\"main\">\n<article id=\"post-1459\" class=\"post-1459 page type-page status-publish hentry\">\n<div class=\"entry-content\">\n<p>1. The Hidden Island: Insula: 1088<\/p>\n<p><strong><a href=\"https:\/\/www.ktppdergisi.com\/wp-content\/uploads\/2019\/05\/sakliada.pdf\">http:\/\/www.ktppdergisi.com\/wp-content\/uploads\/2019\/05\/sakliada.pdf<\/a><\/strong><\/p>\n<p>2. Compar\u0131son Of The Smokers And Non-Smokers In Terms Of Cop\u0131ng W\u0131th Stress Behav\u0131ors: 746<\/p>\n<p><strong><a href=\"https:\/\/www.ktppdergisi.com\/wp-content\/uploads\/2019\/08\/5.1.pdf\">http:\/\/www.ktppdergisi.com\/wp-content\/uploads\/2019\/08\/5.1.pdf<\/a><\/strong><\/p>\n<p>3. In Greek Mythology Medusa\u2019s Convers\u0131on Into The Gorgon And Her Murder\u2019s D\u0131scourse Analys\u0131s To Focault: 733<\/p>\n<p><strong><a href=\"https:\/\/www.ktppdergisi.com\/wp-content\/uploads\/2020\/03\/medusa.pdf\">http:\/\/www.ktppdergisi.com\/wp-content\/uploads\/2020\/03\/medusa.pdf<\/a><\/strong><\/p>\n<\/div>\n<\/article>\n<\/div>\n","protected":false},"excerpt":{"rendered":"<p>1. The Hidden Island: Insula: 1088 http:\/\/www.ktppdergisi.com\/wp-content\/uploads\/2019\/05\/sakliada.pdf 2. Compar\u0131son Of The Smokers And Non-Smokers In Terms Of Cop\u0131ng W\u0131th Stress Behav\u0131ors: 746 http:\/\/www.ktppdergisi.com\/wp-content\/uploads\/2019\/08\/5.1.pdf 3. In Greek<span class=\"excerpt-hellip\"> [\u2026]<\/span><\/p>\n","protected":false},"author":1,"featured_media":0,"parent":0,"menu_order":0,"comment_status":"closed","ping_status":"closed","template":"","meta":{"_acf_changed":false,"footnotes":""},"class_list":["post-33596","page","type-page","status-publish","hentry"],"acf":[],"_links":{"self":[{"href":"https:\/\/ktppdergisi.com\/en\/wp-json\/wp\/v2\/pages\/33596","targetHints":{"allow":["GET"]}}],"collection":[{"href":"https:\/\/ktppdergisi.com\/en\/wp-json\/wp\/v2\/pages"}],"about":[{"href":"https:\/\/ktppdergisi.com\/en\/wp-json\/wp\/v2\/types\/page"}],"author":[{"embeddable":true,"href":"https:\/\/ktppdergisi.com\/en\/wp-json\/wp\/v2\/users\/1"}],"replies":[{"embeddable":true,"href":"https:\/\/ktppdergisi.com\/en\/wp-json\/wp\/v2\/comments?post=33596"}],"version-history":[{"count":1,"href":"https:\/\/ktppdergisi.com\/en\/wp-json\/wp\/v2\/pages\/33596\/revisions"}],"predecessor-version":[{"id":33598,"href":"https:\/\/ktppdergisi.com\/en\/wp-json\/wp\/v2\/pages\/33596\/revisions\/33598"}],"wp:attachment":[{"href":"https:\/\/ktppdergisi.com\/en\/wp-json\/wp\/v2\/media?parent=33596"}],"curies":[{"name":"wp","href":"https:\/\/api.w.org\/{rel}","templated":true}]}}