{"id":33580,"date":"2025-01-14T18:43:14","date_gmt":"2025-01-14T15:43:14","guid":{"rendered":"https:\/\/ktppdergisi.com\/dizinler\/"},"modified":"2025-02-03T20:09:23","modified_gmt":"2025-02-03T17:09:23","slug":"indexing","status":"publish","type":"page","link":"https:\/\/ktppdergisi.com\/en\/indexing\/","title":{"rendered":"Indexing"},"content":{"rendered":"<div class=\"entry-content\">\n<div class=\"entry-content\">\n<p><strong>INDEXING AND ABSTRACTING\u00a0<\/strong><\/p>\n<p>Cyprus Turkish Journal of Psychiatry and Psychology takes place<\/p>\n<p>Emerging Sources Citation Index (ESCI)<\/p>\n<p>Scupos<\/p>\n<p>INTERNATIONAL COUNCIL OF MED\u0130CAL JOURNAL EDITORS (ICMJE)<\/p>\n<p>EBSCO<em>host<\/em><\/p>\n<p>ORCID<\/p>\n<p>COPE<\/p>\n<p>OPEN ACCESS<\/p>\n<p>CREATIVE COMMONS<\/p>\n<p>CITE FACTOR<\/p>\n<p>SCIENTIFIC INDEXING SERVICES (SIS)<\/p>\n<p>RESEARCHBIB<\/p>\n<p>DIRECTORY OF RESEARCH JOURNAL INDEXING (DRJI)<\/p>\n<p>EURASIAN SCIENTIFIC JOURNAL INDEX (ESJI)<\/p>\n<p>DERG\u0130PARK<\/p>\n<p>T\u00dcRK PS\u0130K\u0130YATR\u0130 D\u0130Z\u0130N\u0130<\/p>\n<p>T\u00dcRK MEDLINE<\/p>\n<p>IDEALONLINE<\/p>\n<p>\u0130NT\u0130HAL.NET<\/p>\n<p>INTERNATIONAL SCIENTIFIC INDEXING (ISI)<\/p>\n<p>INDEX COPERNICUS<\/p>\n<p>JOURNAL FACTOR (JF)<\/p>\n<p>GOOGLE SCHOLAR<\/p>\n<p>CROSSREF<\/p>\n<p>ASOS INDEX<\/p>\n<p>SYSTEMATIC IMPACT FACTOR (SIF)<\/p>\n<p>WORLDCAT<\/p>\n<p>SAFETYLIT<\/p>\n<p>EUROPUB<\/p>\n<p>ADVANCED SCIENCES INDEX<\/p>\n<p>ROOTINDEXING<\/p>\n<p>COSMOSIMPACTFACTOR<\/p>\n<p>SCILIT<\/p>\n<p>SHERPA ROMEO<\/p>\n<p>TURKISH CITATION INDEX<\/p>\n<p>J- GATE<\/p>\n<p>\u0130SNAD At\u0131f Sistemi<\/p>\n<p>INTERNET ARCHIVE<\/p>\n<p>\u0130NFOBASE INDEX<\/p>\n<p>APA PSYCINFO<\/p>\n<p>databases.<\/p>\n<\/div>\n<\/div>\n","protected":false},"excerpt":{"rendered":"<p>INDEXING AND ABSTRACTING\u00a0 Cyprus Turkish Journal of Psychiatry and Psychology takes place Emerging Sources Citation Index (ESCI) Scupos INTERNATIONAL COUNCIL OF MED\u0130CAL JOURNAL EDITORS (ICMJE) EBSCOhost<span class=\"excerpt-hellip\"> [\u2026]<\/span><\/p>\n","protected":false},"author":1,"featured_media":0,"parent":0,"menu_order":0,"comment_status":"closed","ping_status":"closed","template":"","meta":{"_acf_changed":false,"footnotes":""},"class_list":["post-33580","page","type-page","status-publish","hentry"],"acf":[],"_links":{"self":[{"href":"https:\/\/ktppdergisi.com\/en\/wp-json\/wp\/v2\/pages\/33580","targetHints":{"allow":["GET"]}}],"collection":[{"href":"https:\/\/ktppdergisi.com\/en\/wp-json\/wp\/v2\/pages"}],"about":[{"href":"https:\/\/ktppdergisi.com\/en\/wp-json\/wp\/v2\/types\/page"}],"author":[{"embeddable":true,"href":"https:\/\/ktppdergisi.com\/en\/wp-json\/wp\/v2\/users\/1"}],"replies":[{"embeddable":true,"href":"https:\/\/ktppdergisi.com\/en\/wp-json\/wp\/v2\/comments?post=33580"}],"version-history":[{"count":1,"href":"https:\/\/ktppdergisi.com\/en\/wp-json\/wp\/v2\/pages\/33580\/revisions"}],"predecessor-version":[{"id":33583,"href":"https:\/\/ktppdergisi.com\/en\/wp-json\/wp\/v2\/pages\/33580\/revisions\/33583"}],"wp:attachment":[{"href":"https:\/\/ktppdergisi.com\/en\/wp-json\/wp\/v2\/media?parent=33580"}],"curies":[{"name":"wp","href":"https:\/\/api.w.org\/{rel}","templated":true}]}}