{"id":223,"date":"2025-01-03T14:13:44","date_gmt":"2025-01-03T11:13:44","guid":{"rendered":"https:\/\/ktppdergisi.com\/yayin-kurulu\/"},"modified":"2025-03-10T17:10:57","modified_gmt":"2025-03-10T14:10:57","slug":"editorial-board","status":"publish","type":"page","link":"https:\/\/ktppdergisi.com\/en\/editorial-board\/","title":{"rendered":"Editorial Board"},"content":{"rendered":"<p style=\"text-align: center;\"><strong>Editor<br \/>\n<\/strong><\/p>\n<p style=\"text-align: center;\">Prof. Dr. Mehmet \u00c7ak\u0131c\u0131 (Cyprus Health and Social Sciences University, Morphou\/Cyprus)<\/p>\n<p style=\"text-align: center;\"><strong>Deputy Editors<br \/>\n<\/strong><\/p>\n<p style=\"text-align: center;\">Prof. Dr. K\u00fcltegin \u00d6gel (Bilgi University, \u0130stanbul\/Turkey)<\/p>\n<p style=\"text-align: center;\">Prof. Dr. Tamer Aker ( Bilgi University, \u0130stanbul\/ Turkey)<\/p>\n<p style=\"text-align: center;\">Assoc. Prof. Dr. Zihniye Okray (European University of Lefke, Lefke\/Cyprus)<\/p>\n<p style=\"text-align: center;\"><strong>Editorial Advisory Board<\/strong><\/p>\n<table style=\"height: 2224px;\" width=\"1393\">\n<tbody>\n<tr>\n<td><strong>Name \/ Surname<\/strong><\/td>\n<td><strong>University<\/strong><\/td>\n<td><strong>City \/ Country<\/strong><\/td>\n<\/tr>\n<tr>\n<td scope=\"row\">Prof. Dr. Peter R. Martin<\/td>\n<td scope=\"row\">Vanderbilt University<\/td>\n<td scope=\"row\">Nashville \/ USA<\/td>\n<\/tr>\n<tr>\n<td scope=\"row\">Prof. Dr. Ebru \u00c7ak\u0131c\u0131<\/td>\n<td scope=\"row\">Cyprus University of Health and Social Sciences<\/td>\n<td scope=\"row\">G\u00fczelyurt \/ Cyprus<\/td>\n<\/tr>\n<tr>\n<td scope=\"row\">Prof. Dr. Nesrin Dilbaz<\/td>\n<td scope=\"row\">\u00dcsk\u00fcdar University<\/td>\n<td scope=\"row\">\u0130stanbul \/ Turkey<\/td>\n<\/tr>\n<tr>\n<td>Prof.Dr. Jair C. Soares<\/td>\n<td>University of Texas<\/td>\n<td>Houston\/USA<\/td>\n<\/tr>\n<tr>\n<td scope=\"row\">Prof. Dr. Orhan Do\u011fan<\/td>\n<td scope=\"row\">\u00dcsk\u00fcdar University<\/td>\n<td scope=\"row\">\u0130stanbul \/ Turkey<\/td>\n<\/tr>\n<tr>\n<td scope=\"row\">Prof. Dr. Vlada Pishchic<\/td>\n<td scope=\"row\">Southern University IMBL<\/td>\n<td scope=\"row\">Rostov \/ Russia<\/td>\n<\/tr>\n<tr>\n<td>Prof. Dr. Saba Abac\u0131<\/td>\n<td>Rochester University<\/td>\n<td>New York\/USA<\/td>\n<\/tr>\n<tr>\n<td scope=\"row\">Prof. Dr. O\u011fuz Polat<\/td>\n<td scope=\"row\">Ac\u0131badem University<\/td>\n<td scope=\"row\">\u0130stanbul \/ Turkey<\/td>\n<\/tr>\n<tr>\n<td scope=\"row\">Prof. Dr. Antonio Prunas<\/td>\n<td scope=\"row\">University of Milano<\/td>\n<td scope=\"row\">Milano \/ Italy<\/td>\n<\/tr>\n<tr>\n<td scope=\"row\">Prof. Dr. Fatmag\u00fcl Cirhinlio\u011flu<\/td>\n<td scope=\"row\">Near East University<\/td>\n<td scope=\"row\">Nicosia \/ Cyprus<\/td>\n<\/tr>\n<tr>\n<td scope=\"row\">Prof. Dr. Figen Karada\u011f<\/td>\n<td scope=\"row\">Maltepe University<\/td>\n<td scope=\"row\">\u0130stanbul \/ Turkey<\/td>\n<\/tr>\n<tr>\n<td scope=\"row\"><\/td>\n<td scope=\"row\"><\/td>\n<td scope=\"row\"><\/td>\n<\/tr>\n<tr>\n<td scope=\"row\">Prof. Dr. Yasemin \u00d6zkan<\/td>\n<td scope=\"row\">Hacettepe University<\/td>\n<td scope=\"row\">Ankara \/ Turkey<\/td>\n<\/tr>\n<tr>\n<td scope=\"row\">Prof. Dr. Lut Tamam<\/td>\n<td scope=\"row\">\u00c7ukurova University<\/td>\n<td scope=\"row\">Adana \/ Turkey<\/td>\n<\/tr>\n<tr>\n<td scope=\"row\">Prof. Dr. Zeynep \u015eim\u015fek<\/td>\n<td scope=\"row\">Bilgi University<\/td>\n<td scope=\"row\">\u0130stanbul \/ Turkey<\/td>\n<\/tr>\n<tr>\n<td scope=\"row\">Prof. Dr. \u00d6zlem Kara\u0131rmak<\/td>\n<td scope=\"row\">Bah\u00e7e\u015fehir University<\/td>\n<td scope=\"row\">\u0130stanbul \/ Turkey<\/td>\n<\/tr>\n<tr>\n<td scope=\"row\">Prof. Dr. Imran Akperov<\/td>\n<td scope=\"row\">Southern University IMBL<\/td>\n<td scope=\"row\">Rostov \/ Russia<\/td>\n<\/tr>\n<tr>\n<td scope=\"row\">Prof. Dr. Alim Kaya<\/td>\n<td scope=\"row\">Eastern Mediterranean University<\/td>\n<td scope=\"row\">Famagusta \/ Cyprus<\/td>\n<\/tr>\n<tr>\n<td scope=\"row\">Prof. Dr. Turgay Bi\u00e7er<\/td>\n<td scope=\"row\">Marmara University<\/td>\n<td scope=\"row\">\u0130stanbul \/ Turkey<\/td>\n<\/tr>\n<tr>\n<td scope=\"row\">Prof. Dr. M\u00fcnevver Yal\u00e7\u0131nkaya<\/td>\n<td scope=\"row\">Cyprus International University<\/td>\n<td scope=\"row\">Nicosia \/ Cyprus<\/td>\n<\/tr>\n<tr>\n<td scope=\"row\">Prof. Dr. Zafer Cirhinlio\u011flu<\/td>\n<td scope=\"row\">T.C. Sivas Cumhuriyet University<\/td>\n<td scope=\"row\">Sivas \/ Turkey<\/td>\n<\/tr>\n<tr>\n<td scope=\"row\">Prof. Dr. Mustafa Necmi \u0130lhan<\/td>\n<td scope=\"row\">Gazi University<\/td>\n<td scope=\"row\">Ankara \/ Turkey<\/td>\n<\/tr>\n<tr>\n<td scope=\"row\">Prof. Dr. Elif G\u00f6k\u00e7earslan \u00c7ift\u00e7i<\/td>\n<td scope=\"row\">Ankara University<\/td>\n<td scope=\"row\">Ankara \/ Turkey<\/td>\n<\/tr>\n<tr>\n<td scope=\"row\">Assoc. Prof. Dr. Rabia Bilici<\/td>\n<td scope=\"row\">Erenk\u00f6y Ruh ve R. S. Hospital<\/td>\n<td scope=\"row\">\u0130stanbul \/ Turkey<\/td>\n<\/tr>\n<tr>\n<td scope=\"row\">Assoc. Prof. Dr. \u0130brahim Taymur<\/td>\n<td scope=\"row\">Bursa D\u00f6rt\u00e7elik R. S. Hospital<\/td>\n<td scope=\"row\">Bursa \/ Turkey<\/td>\n<\/tr>\n<tr>\n<td scope=\"row\">Assoc. Prof. Dr. \u0130rem Erdem Atak<\/td>\n<td scope=\"row\">Dalya Dan\u0131\u015fmanl\u0131k Merkezi<\/td>\n<td scope=\"row\">\u0130stanbul \/ Turkey<\/td>\n<\/tr>\n<tr>\n<td scope=\"row\">Assoc. Prof. Dr. Elif Mutlu<\/td>\n<td scope=\"row\">Geli\u015fim University<\/td>\n<td scope=\"row\">\u0130stanbul \/ Turkey<\/td>\n<\/tr>\n<tr>\n<td scope=\"row\">Assoc. Prof. Dr. \u00dclgen H. Okyayuz<\/td>\n<td scope=\"row\">Near East University<\/td>\n<td scope=\"row\">Nicosia \/ Cyprus<\/td>\n<\/tr>\n<tr>\n<td scope=\"row\">Assoc. Prof. Dr. Aylin \u00d6zbek<\/td>\n<td scope=\"row\">Ege University<\/td>\n<td scope=\"row\">\u0130zmir \/ Turkey<\/td>\n<\/tr>\n<tr>\n<td scope=\"row\">Assoc. Prof. Dr. Merih Alt\u0131nta\u015f<\/td>\n<td scope=\"row\">Erenk\u00f6y Ruh Ve R. S. Hospital<\/td>\n<td scope=\"row\">\u0130stanbul \/ Turkey<\/td>\n<\/tr>\n<tr>\n<td scope=\"row\">Assoc. Prof. Dr. Tayfun Do\u011fan<\/td>\n<td scope=\"row\">\u00dcsk\u00fcdar University<\/td>\n<td scope=\"row\">\u0130stanbul \/ Turkey<\/td>\n<\/tr>\n<tr>\n<td scope=\"row\">Assoc. Prof. Dr. Bahar Ba\u015ftu\u011f<\/td>\n<td scope=\"row\">Ankara University<\/td>\n<td scope=\"row\">Ankara \/ Turkey<\/td>\n<\/tr>\n<tr>\n<td scope=\"row\">Assoc. Prof. Dr. Derya \u015ea\u015fman Kayl\u0131<\/td>\n<td scope=\"row\">Celal Bayar University<\/td>\n<td scope=\"row\">Manisa \/ Turkey<\/td>\n<\/tr>\n<tr>\n<td scope=\"row\">Assoc. Prof. Dr. Sibel Din\u00e7y\u00fcrek<\/td>\n<td scope=\"row\">Eastern Mediterranean University<\/td>\n<td scope=\"row\">Famagusta \/ Cyprus<\/td>\n<\/tr>\n<tr>\n<td scope=\"row\">Assoc. Prof. Dr. \u0130pek S\u00f6nmez<\/td>\n<td scope=\"row\">Near East University<\/td>\n<td scope=\"row\">Nicosia \/ Cyprus<\/td>\n<\/tr>\n<tr>\n<td scope=\"row\">Assoc. Prof. Dr. Tutku Akter G\u00f6ka\u015fan<\/td>\n<td scope=\"row\">Girne American University<\/td>\n<td scope=\"row\">Kyrenia \/ Cyprus<\/td>\n<\/tr>\n<tr>\n<td scope=\"row\">Asst. Prof. Dr. Besedova Petra<\/td>\n<td scope=\"row\">University of Hradec Kralove<\/td>\n<td scope=\"row\">Hradec Kralove \/ Czech Republic<\/td>\n<\/tr>\n<tr>\n<td scope=\"row\">Asst. Prof. Dr. Kuzeymen Bal\u0131k\u00e7\u0131<\/td>\n<td scope=\"row\">Near East University<\/td>\n<td scope=\"row\">Nicosia \/ Cyprus<\/td>\n<\/tr>\n<tr>\n<td scope=\"row\">Asst. Prof. Dr. Deniz Erg\u00fcn<\/td>\n<td scope=\"row\">Near East University<\/td>\n<td scope=\"row\">Nicosia \/ Cyprus<\/td>\n<\/tr>\n<tr>\n<td scope=\"row\">Asst. Prof. Dr. H\u00fcseyin Bayraktaro\u011flu<\/td>\n<td scope=\"row\">Bah\u00e7e\u015fehir University<\/td>\n<td scope=\"row\">Nicosia \/ Cyprus<\/td>\n<\/tr>\n<tr>\n<td scope=\"row\">Asst. Prof. Dr. Ezgi Ulu<\/td>\n<td scope=\"row\">Near East University<\/td>\n<td scope=\"row\">Nicosia \/ Cyprus<\/td>\n<\/tr>\n<tr>\n<td scope=\"row\">Asst. Prof. Dr. F\u00fcsun G\u00f6kkaya<\/td>\n<td scope=\"row\">Near East University<\/td>\n<td scope=\"row\">Nicosia \/ Cyprus<\/td>\n<\/tr>\n<tr>\n<td scope=\"row\">Asst. Prof. Dr. Sultan Okumu\u015fo\u011flu<\/td>\n<td scope=\"row\">European University of Lefke<\/td>\n<td scope=\"row\">Lefke \/ Cyprus<\/td>\n<\/tr>\n<tr>\n<td scope=\"row\">Asst. Prof. Dr. Asl\u0131 Niyazi<\/td>\n<td scope=\"row\">Middle East Technical University<\/td>\n<td scope=\"row\">Kalkanl\u0131 \/ Cyprus<\/td>\n<\/tr>\n<tr>\n<td scope=\"row\">Asst. Prof. Dr. Nuriye Sancar<\/td>\n<td scope=\"row\">Near East University<\/td>\n<td scope=\"row\">Nicosia \/ Cyprus<\/td>\n<\/tr>\n<tr>\n<td scope=\"row\">Asst. Prof. Dr. Hande \u00c7elikay S\u00f6yler<\/td>\n<td scope=\"row\">Ege University<\/td>\n<td scope=\"row\">\u0130zmir\/ Turkey<\/td>\n<\/tr>\n<tr>\n<td scope=\"row\">Asst. Prof. Dr. Asuman Bolkan<\/td>\n<td scope=\"row\">Cyprus Science University<\/td>\n<td scope=\"row\">Kyrenia \/ Cyprus<\/td>\n<\/tr>\n<tr>\n<td scope=\"row\">Asst. Prof. Dr. Ayhan \u00c7ak\u0131c\u0131 E\u015f<\/td>\n<td scope=\"row\">Near East University<\/td>\n<td scope=\"row\">Nicosia \/ Cyprus<\/td>\n<\/tr>\n<tr>\n<td scope=\"row\">Asst. Prof. Dr. Zafer Bekiro\u011fullar\u0131<\/td>\n<td scope=\"row\">Future Academy<\/td>\n<td scope=\"row\">London \/ England<\/td>\n<\/tr>\n<tr>\n<td scope=\"row\">Asst. Prof. Dr. Ba\u015fak Ba\u011flama<\/td>\n<td scope=\"row\">Near East University<\/td>\n<td scope=\"row\">Nicosia \/ Cyprus<\/td>\n<\/tr>\n<tr>\n<td scope=\"row\">Asst. Prof. Dr. Linda Fraim<\/td>\n<td scope=\"row\">Final International University<\/td>\n<td scope=\"row\">Kyrenia \/ Cyprus<\/td>\n<\/tr>\n<tr>\n<td scope=\"row\">Asst. Prof. Dr. \u00c7i\u011fdem D\u00fcr\u00fcst<\/td>\n<td scope=\"row\">Cyprus Science University<\/td>\n<td scope=\"row\">Kyrenia \/ Cyprus<\/td>\n<\/tr>\n<tr>\n<td scope=\"row\">Asst. Prof. Dr. \u00d6mer G\u00f6kel<\/td>\n<td scope=\"row\">Cyprus Social Sciences University<\/td>\n<td scope=\"row\">Nicosia \/ Cyprus<\/td>\n<\/tr>\n<tr>\n<td scope=\"row\">Yrd. Do\u00e7. Dr. G\u00fcley Bilgi Abatay<\/td>\n<td scope=\"row\">Final International University<\/td>\n<td scope=\"row\">\u00a0Kyrenia \/ Cyprus<\/td>\n<\/tr>\n<tr>\n<td scope=\"row\">Dr. Utku Beyaz\u0131t<\/td>\n<td scope=\"row\">Akdeniz University<\/td>\n<td scope=\"row\">Antalya \/ Turkey<\/td>\n<\/tr>\n<tr>\n<td scope=\"row\">Dr. Bing\u00fcl Suba\u015f\u0131<\/td>\n<td scope=\"row\">Near East University<\/td>\n<td scope=\"row\">Nicosia \/ Cyprus<\/td>\n<\/tr>\n<tr>\n<td scope=\"row\">Dr. Damla Alkan<\/td>\n<td scope=\"row\">Near East University<\/td>\n<td scope=\"row\">Nicosia \/ Cyprus<\/td>\n<\/tr>\n<tr>\n<td scope=\"row\">Dr. Gloria Manyeruke<\/td>\n<td scope=\"row\">Near East University<\/td>\n<td scope=\"row\">Harare \/ Zimbabwe<\/td>\n<\/tr>\n<tr>\n<td scope=\"row\">Dr. Fato\u015f \u00d6zeylem<\/td>\n<td scope=\"row\">Eastern Mediterranean University<\/td>\n<td scope=\"row\">Famagusta \/ Cyprus<\/td>\n<\/tr>\n<tr>\n<td scope=\"row\">Dr. Ahmet Y\u0131ld\u0131r\u0131m<\/td>\n<td scope=\"row\">Ankara University<\/td>\n<td scope=\"row\">Ankara \/ Turkey<\/td>\n<\/tr>\n<tr>\n<td scope=\"row\">Dr. G\u00fclcem Sala Raz\u0131<\/td>\n<td scope=\"row\">The Commission of Prevention of Drugs and Other Addictive Substances<\/td>\n<td scope=\"row\">Nicosia \/ Cyprus<\/td>\n<\/tr>\n<tr>\n<td scope=\"row\">Dr. Nurlaila Effendy<\/td>\n<td scope=\"row\">Universitas Widya<\/td>\n<td scope=\"row\">Mandala \/ Endonesia<\/td>\n<\/tr>\n<tr>\n<td scope=\"row\">Dr. Z\u00fcmr\u00fct Gedik<\/td>\n<td scope=\"row\">Katip \u00c7elebi University<\/td>\n<td scope=\"row\">\u0130zmir \/ Turkey<\/td>\n<\/tr>\n<\/tbody>\n<\/table>\n<p><strong><span class=\"tlid-translation translation\" lang=\"en\"><span class=\"\" title=\"\">Language Editor<\/span><\/span>:<\/strong> MSc. Zuhal Koreli<\/p>\n<p><strong><span class=\"tlid-translation translation\" lang=\"en\"><span class=\"\" title=\"\">Foreign Relations Editor<\/span><\/span>:<\/strong> MSc. Atakan Ta\u015fk\u0131ran<\/p>\n<p><strong><span class=\"tlid-translation translation\" lang=\"en\"><span class=\"\" title=\"\">Statistics Editor<\/span><\/span>:<\/strong> Assist. Prof. Ayhan \u00c7ak\u0131c\u0131 E\u015f<\/p>\n<p><strong>Web Editor:<\/strong> MSc. Nur \u015eeyda Peker<\/p>\n","protected":false},"excerpt":{"rendered":"<p>Editor Prof. Dr. Mehmet \u00c7ak\u0131c\u0131 (Cyprus Health and Social Sciences University, Morphou\/Cyprus) Deputy Editors Prof. Dr. K\u00fcltegin \u00d6gel (Bilgi University, \u0130stanbul\/Turkey) Prof. Dr. Tamer Aker (<span class=\"excerpt-hellip\"> [\u2026]<\/span><\/p>\n","protected":false},"author":2,"featured_media":0,"parent":0,"menu_order":0,"comment_status":"closed","ping_status":"closed","template":"","meta":{"_acf_changed":false,"footnotes":""},"class_list":["post-223","page","type-page","status-publish","hentry"],"acf":[],"_links":{"self":[{"href":"https:\/\/ktppdergisi.com\/en\/wp-json\/wp\/v2\/pages\/223","targetHints":{"allow":["GET"]}}],"collection":[{"href":"https:\/\/ktppdergisi.com\/en\/wp-json\/wp\/v2\/pages"}],"about":[{"href":"https:\/\/ktppdergisi.com\/en\/wp-json\/wp\/v2\/types\/page"}],"author":[{"embeddable":true,"href":"https:\/\/ktppdergisi.com\/en\/wp-json\/wp\/v2\/users\/2"}],"replies":[{"embeddable":true,"href":"https:\/\/ktppdergisi.com\/en\/wp-json\/wp\/v2\/comments?post=223"}],"version-history":[{"count":4,"href":"https:\/\/ktppdergisi.com\/en\/wp-json\/wp\/v2\/pages\/223\/revisions"}],"predecessor-version":[{"id":34145,"href":"https:\/\/ktppdergisi.com\/en\/wp-json\/wp\/v2\/pages\/223\/revisions\/34145"}],"wp:attachment":[{"href":"https:\/\/ktppdergisi.com\/en\/wp-json\/wp\/v2\/media?parent=223"}],"curies":[{"name":"wp","href":"https:\/\/api.w.org\/{rel}","templated":true}]}}