{"id":218,"date":"2025-01-03T14:05:12","date_gmt":"2025-01-03T11:05:12","guid":{"rendered":"https:\/\/ktppdergisi.com\/hakkimizda\/"},"modified":"2025-03-18T16:19:01","modified_gmt":"2025-03-18T13:19:01","slug":"about-us","status":"publish","type":"page","link":"https:\/\/ktppdergisi.com\/en\/about-us\/","title":{"rendered":"About Us"},"content":{"rendered":"<div class=\"entry-content\">\n<div class=\"wpb-content-wrapper\">\n<div class=\"vc_row wpb_row zolo_wpb_row vc_row-fluid apress_row_class_20560931576777c302e7843\" data-row-text-color=\"dark\">\n<div class=\"wpb_column vc_column_container vc_col-sm-12 apress_col_id_11109137696777c302e811c hover_style_none\">\n<div class=\"layer vc_column-inner \">\n<div class=\"wpb_wrapper\">\n<div class=\"wpb_text_column wpb_content_element\">\n<div class=\"wpb_wrapper\">\n<p><strong>ISSN:<\/strong> 1302-7840 (Print)<\/p>\n<p><strong>E-ISSN:<\/strong> 2667-8225 (Online)<\/p>\n<p><strong>Owner: <\/strong><a href=\"http:\/\/ruhsagligienstitusu.com\/\">Cyprus Institute of Mental Health<\/a> responsible director Prof. Dr. Ebru Tansel \u00c7ak\u0131c\u0131<\/p>\n<p><strong>Managing Editor <\/strong> Phd. Asra Babayi\u011fit<\/p>\n<p><strong>Deputy Managing Editor:<\/strong><\/p>\n<p>Assis. Prof. Dr. Ayhan \u00c7ak\u0131c\u0131 E\u015f<\/p>\n<p>MSc. Nur \u015eeyda Peker<\/p>\n<p>MSc. Zuhal Koreli<\/p>\n<p><strong>Editing:<\/strong> MSc. Atakan Ta\u015fk\u0131ran<\/p>\n<p><strong>Web Editor:<\/strong> Mehmet E\u015f<\/p>\n<\/div>\n<\/div>\n<\/div>\n<\/div>\n<\/div>\n<\/div>\n<\/div>\n<\/div>\n","protected":false},"excerpt":{"rendered":"<p>ISSN: 1302-7840 (Print) E-ISSN: 2667-8225 (Online) Owner: Cyprus Institute of Mental Health responsible director Prof. Dr. Ebru Tansel \u00c7ak\u0131c\u0131 Managing Editor Phd. Asra Babayi\u011fit Deputy Managing<span class=\"excerpt-hellip\"> [\u2026]<\/span><\/p>\n","protected":false},"author":2,"featured_media":0,"parent":0,"menu_order":0,"comment_status":"closed","ping_status":"closed","template":"","meta":{"_acf_changed":false,"footnotes":""},"class_list":["post-218","page","type-page","status-publish","hentry"],"acf":[],"_links":{"self":[{"href":"https:\/\/ktppdergisi.com\/en\/wp-json\/wp\/v2\/pages\/218","targetHints":{"allow":["GET"]}}],"collection":[{"href":"https:\/\/ktppdergisi.com\/en\/wp-json\/wp\/v2\/pages"}],"about":[{"href":"https:\/\/ktppdergisi.com\/en\/wp-json\/wp\/v2\/types\/page"}],"author":[{"embeddable":true,"href":"https:\/\/ktppdergisi.com\/en\/wp-json\/wp\/v2\/users\/2"}],"replies":[{"embeddable":true,"href":"https:\/\/ktppdergisi.com\/en\/wp-json\/wp\/v2\/comments?post=218"}],"version-history":[{"count":2,"href":"https:\/\/ktppdergisi.com\/en\/wp-json\/wp\/v2\/pages\/218\/revisions"}],"predecessor-version":[{"id":34233,"href":"https:\/\/ktppdergisi.com\/en\/wp-json\/wp\/v2\/pages\/218\/revisions\/34233"}],"wp:attachment":[{"href":"https:\/\/ktppdergisi.com\/en\/wp-json\/wp\/v2\/media?parent=218"}],"curies":[{"name":"wp","href":"https:\/\/api.w.org\/{rel}","templated":true}]}}